{"id":719,"date":"2020-01-13T19:29:59","date_gmt":"2020-01-13T18:29:59","guid":{"rendered":"https:\/\/www.groupe-fb.com\/nos-expertises\/"},"modified":"2023-10-19T10:47:09","modified_gmt":"2023-10-19T08:47:09","slug":"nuestra-experiencia","status":"publish","type":"page","link":"https:\/\/www.groupe-fb.com\/es\/nuestra-experiencia\/","title":{"rendered":"Nuestra experiencia"},"content":{"rendered":"","protected":false},"excerpt":{"rendered":"","protected":false},"author":1,"featured_media":0,"parent":0,"menu_order":8,"comment_status":"closed","ping_status":"closed","template":"tpl-expertises.php","meta":[],"acf":[],"yoast_head":"<!-- This site is optimized with the Yoast SEO plugin v19.0 - https:\/\/yoast.com\/wordpress\/plugins\/seo\/ -->\n<title>Nuestra experiencia - Groupe Frans Bonhomme<\/title>\n<meta name=\"robots\" content=\"noindex, follow, max-snippet:-1, max-image-preview:large, max-video-preview:-1\" \/>\n<meta property=\"og:locale\" content=\"es_ES\" \/>\n<meta property=\"og:type\" content=\"article\" \/>\n<meta property=\"og:title\" content=\"Nuestra experiencia - Groupe Frans Bonhomme\" \/>\n<meta property=\"og:url\" content=\"https:\/\/www.groupe-fb.com\/es\/nuestra-experiencia\/\" \/>\n<meta property=\"og:site_name\" content=\"Groupe Frans Bonhomme\" \/>\n<meta property=\"article:publisher\" content=\"https:\/\/www.facebook.com\/fransbonhomme\/\" \/>\n<meta property=\"article:modified_time\" content=\"2023-10-19T08:47:09+00:00\" \/>\n<meta name=\"twitter:card\" content=\"summary_large_image\" \/>\n<meta name=\"twitter:site\" content=\"@fransbonhomme\" \/>\n<script type=\"application\/ld+json\" class=\"yoast-schema-graph\">{\"@context\":\"https:\/\/schema.org\",\"@graph\":[{\"@type\":\"Organization\",\"@id\":\"https:\/\/www.groupe-fb.com\/#organization\",\"name\":\"Frans Bonhomme\",\"url\":\"https:\/\/www.groupe-fb.com\/\",\"sameAs\":[\"https:\/\/www.instagram.com\/frans_bonhomme\/\",\"https:\/\/www.linkedin.com\/company\/frans-bonhomme\",\"https:\/\/www.youtube.com\/channel\/UCiTfH9YZa_xJN1sjkAP6Vyw\",\"https:\/\/www.facebook.com\/fransbonhomme\/\",\"https:\/\/twitter.com\/fransbonhomme\"],\"logo\":{\"@type\":\"ImageObject\",\"inLanguage\":\"es\",\"@id\":\"https:\/\/www.groupe-fb.com\/#\/schema\/logo\/image\/\",\"url\":\"https:\/\/www.groupe-fb.com\/wp-content\/uploads\/2020\/02\/monogramme-groupe.jpg\",\"contentUrl\":\"https:\/\/www.groupe-fb.com\/wp-content\/uploads\/2020\/02\/monogramme-groupe.jpg\",\"width\":1218,\"height\":1228,\"caption\":\"Frans Bonhomme\"},\"image\":{\"@id\":\"https:\/\/www.groupe-fb.com\/#\/schema\/logo\/image\/\"}},{\"@type\":\"WebSite\",\"@id\":\"https:\/\/www.groupe-fb.com\/#website\",\"url\":\"https:\/\/www.groupe-fb.com\/\",\"name\":\"Groupe Frans Bonhomme\",\"description\":\"Leader de la distribution sp\u00e9cialis\u00e9e en travaux publics, assainissement non collectif, am\u00e9nagement ext\u00e9rieur et b\u00e2timent\",\"publisher\":{\"@id\":\"https:\/\/www.groupe-fb.com\/#organization\"},\"potentialAction\":[{\"@type\":\"SearchAction\",\"target\":{\"@type\":\"EntryPoint\",\"urlTemplate\":\"https:\/\/www.groupe-fb.com\/?s={search_term_string}\"},\"query-input\":\"required name=search_term_string\"}],\"inLanguage\":\"es\"},{\"@type\":\"WebPage\",\"@id\":\"https:\/\/www.groupe-fb.com\/es\/nuestra-experiencia\/#webpage\",\"url\":\"https:\/\/www.groupe-fb.com\/es\/nuestra-experiencia\/\",\"name\":\"Nuestra experiencia - Groupe Frans Bonhomme\",\"isPartOf\":{\"@id\":\"https:\/\/www.groupe-fb.com\/#website\"},\"datePublished\":\"2020-01-13T18:29:59+00:00\",\"dateModified\":\"2023-10-19T08:47:09+00:00\",\"breadcrumb\":{\"@id\":\"https:\/\/www.groupe-fb.com\/es\/nuestra-experiencia\/#breadcrumb\"},\"inLanguage\":\"es\",\"potentialAction\":[{\"@type\":\"ReadAction\",\"target\":[\"https:\/\/www.groupe-fb.com\/es\/nuestra-experiencia\/\"]}]},{\"@type\":\"BreadcrumbList\",\"@id\":\"https:\/\/www.groupe-fb.com\/es\/nuestra-experiencia\/#breadcrumb\",\"itemListElement\":[{\"@type\":\"ListItem\",\"position\":1,\"name\":\"Accueil\",\"item\":\"https:\/\/www.groupe-fb.com\/es\/\"},{\"@type\":\"ListItem\",\"position\":2,\"name\":\"Nuestra experiencia\"}]}]}<\/script>\n<!-- \/ Yoast SEO plugin. -->","yoast_head_json":{"title":"Nuestra experiencia - Groupe Frans Bonhomme","robots":{"index":"noindex","follow":"follow","max-snippet":"max-snippet:-1","max-image-preview":"max-image-preview:large","max-video-preview":"max-video-preview:-1"},"og_locale":"es_ES","og_type":"article","og_title":"Nuestra experiencia - Groupe Frans Bonhomme","og_url":"https:\/\/www.groupe-fb.com\/es\/nuestra-experiencia\/","og_site_name":"Groupe Frans Bonhomme","article_publisher":"https:\/\/www.facebook.com\/fransbonhomme\/","article_modified_time":"2023-10-19T08:47:09+00:00","twitter_card":"summary_large_image","twitter_site":"@fransbonhomme","schema":{"@context":"https:\/\/schema.org","@graph":[{"@type":"Organization","@id":"https:\/\/www.groupe-fb.com\/#organization","name":"Frans Bonhomme","url":"https:\/\/www.groupe-fb.com\/","sameAs":["https:\/\/www.instagram.com\/frans_bonhomme\/","https:\/\/www.linkedin.com\/company\/frans-bonhomme","https:\/\/www.youtube.com\/channel\/UCiTfH9YZa_xJN1sjkAP6Vyw","https:\/\/www.facebook.com\/fransbonhomme\/","https:\/\/twitter.com\/fransbonhomme"],"logo":{"@type":"ImageObject","inLanguage":"es","@id":"https:\/\/www.groupe-fb.com\/#\/schema\/logo\/image\/","url":"https:\/\/www.groupe-fb.com\/wp-content\/uploads\/2020\/02\/monogramme-groupe.jpg","contentUrl":"https:\/\/www.groupe-fb.com\/wp-content\/uploads\/2020\/02\/monogramme-groupe.jpg","width":1218,"height":1228,"caption":"Frans Bonhomme"},"image":{"@id":"https:\/\/www.groupe-fb.com\/#\/schema\/logo\/image\/"}},{"@type":"WebSite","@id":"https:\/\/www.groupe-fb.com\/#website","url":"https:\/\/www.groupe-fb.com\/","name":"Groupe Frans Bonhomme","description":"Leader de la distribution sp\u00e9cialis\u00e9e en travaux publics, assainissement non collectif, am\u00e9nagement ext\u00e9rieur et b\u00e2timent","publisher":{"@id":"https:\/\/www.groupe-fb.com\/#organization"},"potentialAction":[{"@type":"SearchAction","target":{"@type":"EntryPoint","urlTemplate":"https:\/\/www.groupe-fb.com\/?s={search_term_string}"},"query-input":"required name=search_term_string"}],"inLanguage":"es"},{"@type":"WebPage","@id":"https:\/\/www.groupe-fb.com\/es\/nuestra-experiencia\/#webpage","url":"https:\/\/www.groupe-fb.com\/es\/nuestra-experiencia\/","name":"Nuestra experiencia - Groupe Frans Bonhomme","isPartOf":{"@id":"https:\/\/www.groupe-fb.com\/#website"},"datePublished":"2020-01-13T18:29:59+00:00","dateModified":"2023-10-19T08:47:09+00:00","breadcrumb":{"@id":"https:\/\/www.groupe-fb.com\/es\/nuestra-experiencia\/#breadcrumb"},"inLanguage":"es","potentialAction":[{"@type":"ReadAction","target":["https:\/\/www.groupe-fb.com\/es\/nuestra-experiencia\/"]}]},{"@type":"BreadcrumbList","@id":"https:\/\/www.groupe-fb.com\/es\/nuestra-experiencia\/#breadcrumb","itemListElement":[{"@type":"ListItem","position":1,"name":"Accueil","item":"https:\/\/www.groupe-fb.com\/es\/"},{"@type":"ListItem","position":2,"name":"Nuestra experiencia"}]}]}},"_links":{"self":[{"href":"https:\/\/www.groupe-fb.com\/es\/wp-json\/wp\/v2\/pages\/719"}],"collection":[{"href":"https:\/\/www.groupe-fb.com\/es\/wp-json\/wp\/v2\/pages"}],"about":[{"href":"https:\/\/www.groupe-fb.com\/es\/wp-json\/wp\/v2\/types\/page"}],"author":[{"embeddable":true,"href":"https:\/\/www.groupe-fb.com\/es\/wp-json\/wp\/v2\/users\/1"}],"replies":[{"embeddable":true,"href":"https:\/\/www.groupe-fb.com\/es\/wp-json\/wp\/v2\/comments?post=719"}],"version-history":[{"count":14,"href":"https:\/\/www.groupe-fb.com\/es\/wp-json\/wp\/v2\/pages\/719\/revisions"}],"predecessor-version":[{"id":1943,"href":"https:\/\/www.groupe-fb.com\/es\/wp-json\/wp\/v2\/pages\/719\/revisions\/1943"}],"wp:attachment":[{"href":"https:\/\/www.groupe-fb.com\/es\/wp-json\/wp\/v2\/media?parent=719"}],"curies":[{"name":"wp","href":"https:\/\/api.w.org\/{rel}","templated":true}]}}